{"id":10,"date":"2021-04-25T10:17:19","date_gmt":"2021-04-25T08:17:19","guid":{"rendered":"http:\/\/www.lmdc.be\/?page_id=10"},"modified":"2021-05-05T22:56:14","modified_gmt":"2021-05-05T20:56:14","slug":"la-maison-da-cote","status":"publish","type":"page","link":"https:\/\/www.lmdc.be\/en\/la-maison-da-cote\/","title":{"rendered":"La maison d&#8217;\u00e0 c\u00f4t\u00e9"},"content":{"rendered":"<p><\/p>\n<h1>RURAL AND<br \/>\nEQUESTRIAN G\u00ceTE<\/h1>\n<h4>(2-5 persons)<\/h4>\n<p>&nbsp;<\/p>\n<p>A cosy and attractively furnished g\u00eete with a lovely garden located in a quiet village 10mins from Durbuy and Marche-en-Famenne.<\/p>\n<p>In a old manor from the 17th century, surrounded by a beautiful garden. Lots of rides in the surroundings.<\/p>","protected":false},"excerpt":{"rendered":"<p>RURAL AND EQUESTRIAN G\u00ceTE (2-5 persons) &nbsp; A cosy and attractively furnished g\u00eete with a lovely garden located in a [&hellip;]<\/p>\n","protected":false},"author":1,"featured_media":0,"parent":0,"menu_order":14,"comment_status":"closed","ping_status":"closed","template":"template-pages\/page-home.php","meta":{"footnotes":""},"class_list":["post-10","page","type-page","status-publish","hentry"],"_links":{"self":[{"href":"https:\/\/www.lmdc.be\/en\/wp-json\/wp\/v2\/pages\/10","targetHints":{"allow":["GET"]}}],"collection":[{"href":"https:\/\/www.lmdc.be\/en\/wp-json\/wp\/v2\/pages"}],"about":[{"href":"https:\/\/www.lmdc.be\/en\/wp-json\/wp\/v2\/types\/page"}],"author":[{"embeddable":true,"href":"https:\/\/www.lmdc.be\/en\/wp-json\/wp\/v2\/users\/1"}],"replies":[{"embeddable":true,"href":"https:\/\/www.lmdc.be\/en\/wp-json\/wp\/v2\/comments?post=10"}],"version-history":[{"count":14,"href":"https:\/\/www.lmdc.be\/en\/wp-json\/wp\/v2\/pages\/10\/revisions"}],"predecessor-version":[{"id":442,"href":"https:\/\/www.lmdc.be\/en\/wp-json\/wp\/v2\/pages\/10\/revisions\/442"}],"wp:attachment":[{"href":"https:\/\/www.lmdc.be\/en\/wp-json\/wp\/v2\/media?parent=10"}],"curies":[{"name":"wp","href":"https:\/\/api.w.org\/{rel}","templated":true}]}}