{"id":12,"date":"2021-04-25T10:17:35","date_gmt":"2021-04-25T08:17:35","guid":{"rendered":"http:\/\/www.lmdc.be\/?page_id=12"},"modified":"2021-05-24T10:49:36","modified_gmt":"2021-05-24T08:49:36","slug":"gite","status":"publish","type":"page","link":"https:\/\/www.lmdc.be\/en\/la-maison-da-cote\/gite\/","title":{"rendered":"Description"},"content":{"rendered":"<p>Located in M\u00e9an, at the gateway to the Ardennes and in the undulating landscape of the Condroz, \u201cLa Maison d\u2019\u00e0 c\u00f4t\u00e9\u201d, a rural and equestrian g\u00eete for 10 persons, welcomes you in the old dwelling house of an 18th-century farm.<br \/>\nA cosy and attractively furnished g\u00eete where you will feel at home.<\/p>","protected":false},"excerpt":{"rendered":"<p>Located in M\u00e9an, at the gateway to the Ardennes and in the undulating landscape of the Condroz, \u201cLa Maison d\u2019\u00e0 [&hellip;]<\/p>\n","protected":false},"author":1,"featured_media":78,"parent":10,"menu_order":15,"comment_status":"closed","ping_status":"closed","template":"template-pages\/page-3cols.php","meta":{"footnotes":""},"class_list":["post-12","page","type-page","status-publish","has-post-thumbnail","hentry"],"_links":{"self":[{"href":"https:\/\/www.lmdc.be\/en\/wp-json\/wp\/v2\/pages\/12","targetHints":{"allow":["GET"]}}],"collection":[{"href":"https:\/\/www.lmdc.be\/en\/wp-json\/wp\/v2\/pages"}],"about":[{"href":"https:\/\/www.lmdc.be\/en\/wp-json\/wp\/v2\/types\/page"}],"author":[{"embeddable":true,"href":"https:\/\/www.lmdc.be\/en\/wp-json\/wp\/v2\/users\/1"}],"replies":[{"embeddable":true,"href":"https:\/\/www.lmdc.be\/en\/wp-json\/wp\/v2\/comments?post=12"}],"version-history":[{"count":20,"href":"https:\/\/www.lmdc.be\/en\/wp-json\/wp\/v2\/pages\/12\/revisions"}],"predecessor-version":[{"id":517,"href":"https:\/\/www.lmdc.be\/en\/wp-json\/wp\/v2\/pages\/12\/revisions\/517"}],"up":[{"embeddable":true,"href":"https:\/\/www.lmdc.be\/en\/wp-json\/wp\/v2\/pages\/10"}],"wp:featuredmedia":[{"embeddable":true,"href":"https:\/\/www.lmdc.be\/en\/wp-json\/wp\/v2\/media\/78"}],"wp:attachment":[{"href":"https:\/\/www.lmdc.be\/en\/wp-json\/wp\/v2\/media?parent=12"}],"curies":[{"name":"wp","href":"https:\/\/api.w.org\/{rel}","templated":true}]}}