{"id":385,"date":"2021-04-29T21:56:12","date_gmt":"2021-04-29T19:56:12","guid":{"rendered":"http:\/\/www.lmdc.be\/?page_id=385"},"modified":"2021-05-05T20:57:57","modified_gmt":"2021-05-05T18:57:57","slug":"le-gite","status":"publish","type":"page","link":"https:\/\/www.lmdc.be\/en\/le-nid-da-cote\/le-gite\/","title":{"rendered":"The G\u00eete"},"content":{"rendered":"<p>Located in M\u00e9an, at the gateway to the Ardennes and in the undulating landscape of the Condroz, \u201cLe Nid d\u2019\u00e0 c\u00f4t\u00e9\u201d, a rural and equestrian g\u00eete for 2-5 persons, welcomes you in an charming house from the 17th century. A cosy and attractively furnished g\u00eete where you will feel at home.<\/p>","protected":false},"excerpt":{"rendered":"<p>Located in M\u00e9an, at the gateway to the Ardennes and in the undulating landscape of the Condroz, \u201cLe Nid d\u2019\u00e0 [&hellip;]<\/p>\n","protected":false},"author":1,"featured_media":78,"parent":67,"menu_order":2,"comment_status":"closed","ping_status":"closed","template":"template-pages\/page-3cols.php","meta":{"footnotes":""},"class_list":["post-385","page","type-page","status-publish","has-post-thumbnail","hentry"],"_links":{"self":[{"href":"https:\/\/www.lmdc.be\/en\/wp-json\/wp\/v2\/pages\/385","targetHints":{"allow":["GET"]}}],"collection":[{"href":"https:\/\/www.lmdc.be\/en\/wp-json\/wp\/v2\/pages"}],"about":[{"href":"https:\/\/www.lmdc.be\/en\/wp-json\/wp\/v2\/types\/page"}],"author":[{"embeddable":true,"href":"https:\/\/www.lmdc.be\/en\/wp-json\/wp\/v2\/users\/1"}],"replies":[{"embeddable":true,"href":"https:\/\/www.lmdc.be\/en\/wp-json\/wp\/v2\/comments?post=385"}],"version-history":[{"count":6,"href":"https:\/\/www.lmdc.be\/en\/wp-json\/wp\/v2\/pages\/385\/revisions"}],"predecessor-version":[{"id":497,"href":"https:\/\/www.lmdc.be\/en\/wp-json\/wp\/v2\/pages\/385\/revisions\/497"}],"up":[{"embeddable":true,"href":"https:\/\/www.lmdc.be\/en\/wp-json\/wp\/v2\/pages\/67"}],"wp:featuredmedia":[{"embeddable":true,"href":"https:\/\/www.lmdc.be\/en\/wp-json\/wp\/v2\/media\/78"}],"wp:attachment":[{"href":"https:\/\/www.lmdc.be\/en\/wp-json\/wp\/v2\/media?parent=385"}],"curies":[{"name":"wp","href":"https:\/\/api.w.org\/{rel}","templated":true}]}}