{"id":12,"date":"2021-04-25T10:17:35","date_gmt":"2021-04-25T08:17:35","guid":{"rendered":"http:\/\/www.lmdc.be\/?page_id=12"},"modified":"2021-05-24T10:49:36","modified_gmt":"2021-05-24T08:49:36","slug":"gite","status":"publish","type":"page","link":"https:\/\/www.lmdc.be\/nl\/la-maison-da-cote\/gite\/","title":{"rendered":"Beschrijving"},"content":{"rendered":"<p>Aan de voet van de Ardennen en in het glooiende landschap van de Condroz, te M\u00e9an, biedt &#8220;La Maison d&#8217;\u00e0 C\u00f4t\u00e9&#8221;, u een landelijke ruiter-g\u00eete voor 10 personen aan, in het woonhuis van een boerderij uit de 18e eeuw. Een aantrekkelijke, met charme ingerichte g\u00eete welke u een maximaal comfort biedt. U voelt er zich dadelijk thuis.<\/p>","protected":false},"excerpt":{"rendered":"<p>Aan de voet van de Ardennen en in het glooiende landschap van de Condroz, te M\u00e9an, biedt &#8220;La Maison d&#8217;\u00e0 [&hellip;]<\/p>\n","protected":false},"author":1,"featured_media":78,"parent":10,"menu_order":15,"comment_status":"closed","ping_status":"closed","template":"template-pages\/page-3cols.php","meta":{"footnotes":""},"class_list":["post-12","page","type-page","status-publish","has-post-thumbnail","hentry"],"_links":{"self":[{"href":"https:\/\/www.lmdc.be\/nl\/wp-json\/wp\/v2\/pages\/12","targetHints":{"allow":["GET"]}}],"collection":[{"href":"https:\/\/www.lmdc.be\/nl\/wp-json\/wp\/v2\/pages"}],"about":[{"href":"https:\/\/www.lmdc.be\/nl\/wp-json\/wp\/v2\/types\/page"}],"author":[{"embeddable":true,"href":"https:\/\/www.lmdc.be\/nl\/wp-json\/wp\/v2\/users\/1"}],"replies":[{"embeddable":true,"href":"https:\/\/www.lmdc.be\/nl\/wp-json\/wp\/v2\/comments?post=12"}],"version-history":[{"count":20,"href":"https:\/\/www.lmdc.be\/nl\/wp-json\/wp\/v2\/pages\/12\/revisions"}],"predecessor-version":[{"id":517,"href":"https:\/\/www.lmdc.be\/nl\/wp-json\/wp\/v2\/pages\/12\/revisions\/517"}],"up":[{"embeddable":true,"href":"https:\/\/www.lmdc.be\/nl\/wp-json\/wp\/v2\/pages\/10"}],"wp:featuredmedia":[{"embeddable":true,"href":"https:\/\/www.lmdc.be\/nl\/wp-json\/wp\/v2\/media\/78"}],"wp:attachment":[{"href":"https:\/\/www.lmdc.be\/nl\/wp-json\/wp\/v2\/media?parent=12"}],"curies":[{"name":"wp","href":"https:\/\/api.w.org\/{rel}","templated":true}]}}