{"id":67,"date":"2021-04-25T11:03:32","date_gmt":"2021-04-25T09:03:32","guid":{"rendered":"http:\/\/www.lmdc.be\/?page_id=67"},"modified":"2021-07-08T19:57:00","modified_gmt":"2021-07-08T17:57:00","slug":"le-nid-da-cote","status":"publish","type":"page","link":"https:\/\/www.lmdc.be\/nl\/le-nid-da-cote\/","title":{"rendered":"Le nid d\u2019\u00e0 c\u00f4t\u00e9"},"content":{"rendered":"<p><\/p>\n<h1>LANDELIJKE EN RUITER G\u00ceTE<\/h1>\n<h4>(2-5 personen)<\/h4>\n<p>Een aantrekkelijke, met charme ingerichte g\u00eete met een tuin gelegen in een klein dorpje in de buurt van Durbuy en Marche-en-Famenne.<\/p>\n<p>In een woonhuis uit de 17e eeuw, onze g\u00eete is omgeven door een prachtige tuin.<\/p>\n<p>Talrijke wandelmogelijkheden.<\/p>","protected":false},"excerpt":{"rendered":"<p>LANDELIJKE EN RUITER G\u00ceTE (2-5 personen) Een aantrekkelijke, met charme ingerichte g\u00eete met een tuin gelegen in een klein dorpje [&hellip;]<\/p>\n","protected":false},"author":1,"featured_media":0,"parent":0,"menu_order":1,"comment_status":"closed","ping_status":"closed","template":"template-pages\/page-home.php","meta":{"footnotes":""},"class_list":["post-67","page","type-page","status-publish","hentry"],"_links":{"self":[{"href":"https:\/\/www.lmdc.be\/nl\/wp-json\/wp\/v2\/pages\/67","targetHints":{"allow":["GET"]}}],"collection":[{"href":"https:\/\/www.lmdc.be\/nl\/wp-json\/wp\/v2\/pages"}],"about":[{"href":"https:\/\/www.lmdc.be\/nl\/wp-json\/wp\/v2\/types\/page"}],"author":[{"embeddable":true,"href":"https:\/\/www.lmdc.be\/nl\/wp-json\/wp\/v2\/users\/1"}],"replies":[{"embeddable":true,"href":"https:\/\/www.lmdc.be\/nl\/wp-json\/wp\/v2\/comments?post=67"}],"version-history":[{"count":8,"href":"https:\/\/www.lmdc.be\/nl\/wp-json\/wp\/v2\/pages\/67\/revisions"}],"predecessor-version":[{"id":480,"href":"https:\/\/www.lmdc.be\/nl\/wp-json\/wp\/v2\/pages\/67\/revisions\/480"}],"wp:attachment":[{"href":"https:\/\/www.lmdc.be\/nl\/wp-json\/wp\/v2\/media?parent=67"}],"curies":[{"name":"wp","href":"https:\/\/api.w.org\/{rel}","templated":true}]}}